{"id":42,"date":"2022-04-08T21:56:04","date_gmt":"2022-04-08T19:56:04","guid":{"rendered":"http:\/\/tymek.24x7.pl\/?page_id=42"},"modified":"2022-05-17T18:39:50","modified_gmt":"2022-05-17T16:39:50","slug":"strony-www","status":"publish","type":"page","link":"https:\/\/tymek.24x7.pl\/index.php\/strony-www\/","title":{"rendered":"Strony WWW"},"content":{"rendered":"\t\t<div data-elementor-type=\"wp-page\" data-elementor-id=\"42\" class=\"elementor elementor-42\">\n\t\t\t\t\t\t<section class=\"elementor-section elementor-top-section elementor-element elementor-element-4f7180c elementor-section-boxed elementor-section-height-default elementor-section-height-default\" data-id=\"4f7180c\" data-element_type=\"section\" data-e-type=\"section\">\n\t\t\t\t\t\t<div class=\"elementor-container elementor-column-gap-default\">\n\t\t\t\t\t<div class=\"elementor-column elementor-col-100 elementor-top-column elementor-element elementor-element-c14d2ea\" data-id=\"c14d2ea\" data-element_type=\"column\" data-e-type=\"column\">\n\t\t\t<div class=\"elementor-widget-wrap elementor-element-populated\">\n\t\t\t\t\t\t<div class=\"elementor-element elementor-element-9000823 elementor-widget elementor-widget-heading\" data-id=\"9000823\" data-element_type=\"widget\" data-e-type=\"widget\" data-widget_type=\"heading.default\">\n\t\t\t\t<div class=\"elementor-widget-container\">\n\t\t\t\t\t<h2 class=\"elementor-heading-title elementor-size-default\">Strony, kt\u00f3re stworzy\u0142em, b\u0105d\u017a wsp\u00f3\u0142tworzy\u0142em<\/h2>\t\t\t\t<\/div>\n\t\t\t\t<\/div>\n\t\t\t\t\t<\/div>\n\t\t<\/div>\n\t\t\t\t\t<\/div>\n\t\t<\/section>\n\t\t\t\t<section class=\"elementor-section elementor-top-section elementor-element elementor-element-0b1adad elementor-section-boxed elementor-section-height-default elementor-section-height-default\" data-id=\"0b1adad\" data-element_type=\"section\" data-e-type=\"section\">\n\t\t\t\t\t\t<div class=\"elementor-container elementor-column-gap-default\">\n\t\t\t\t\t<div class=\"elementor-column elementor-col-100 elementor-top-column elementor-element elementor-element-f770132\" data-id=\"f770132\" data-element_type=\"column\" data-e-type=\"column\">\n\t\t\t<div class=\"elementor-widget-wrap elementor-element-populated\">\n\t\t\t\t\t\t<div class=\"elementor-element elementor-element-11508e0 elementor-widget elementor-widget-shortcode\" data-id=\"11508e0\" data-element_type=\"widget\" data-e-type=\"widget\" data-widget_type=\"shortcode.default\">\n\t\t\t\t<div class=\"elementor-widget-container\">\n\t\t\t\t\t\t\t<div class=\"elementor-shortcode\"><div class=\"wp-caption alignnone\" style=\"width:610px;\"><div class=\"browser-shot \"><a href=\"http:\/\/1pv.com.pl\/\" ><img fetchpriority=\"high\" decoding=\"async\" src=\"https:\/\/s0.wp.com\/mshots\/v1\/http%3A%2F%2F1pv.com.pl%2F?w=600&#038;h=450\" alt=\"1pv.com.pl\" width=\"600\" height=\"450\" class=\"\" \/><\/a><\/div><p class=\"wp-caption-text\">1pv.com.pl<\/p><\/div>\n<\/div>\n\t\t\t\t\t\t<\/div>\n\t\t\t\t<\/div>\n\t\t\t\t<div class=\"elementor-element elementor-element-506e0ef elementor-widget elementor-widget-shortcode\" data-id=\"506e0ef\" data-element_type=\"widget\" data-e-type=\"widget\" data-widget_type=\"shortcode.default\">\n\t\t\t\t<div class=\"elementor-widget-container\">\n\t\t\t\t\t\t\t<div class=\"elementor-shortcode\"><div class=\"wp-caption alignnone\" style=\"width:610px;\"><div class=\"browser-shot \"><a href=\"http:\/\/sonorus.wroclaw.pl\/\" ><img decoding=\"async\" src=\"https:\/\/s0.wp.com\/mshots\/v1\/http%3A%2F%2Fsonorus.wroclaw.pl%2F?w=600&#038;h=450\" alt=\"sonorus.wroclaw.pl\" width=\"600\" height=\"450\" class=\"\" \/><\/a><\/div><p class=\"wp-caption-text\">sonorus.wroclaw.pl<\/p><\/div>\n<\/div>\n\t\t\t\t\t\t<\/div>\n\t\t\t\t<\/div>\n\t\t\t\t<div class=\"elementor-element elementor-element-931f1b3 elementor-widget elementor-widget-shortcode\" data-id=\"931f1b3\" data-element_type=\"widget\" data-e-type=\"widget\" data-widget_type=\"shortcode.default\">\n\t\t\t\t<div class=\"elementor-widget-container\">\n\t\t\t\t\t\t\t<div class=\"elementor-shortcode\"><div class=\"wp-caption alignnone\" style=\"width:610px;\"><div class=\"browser-shot \"><a href=\"http:\/\/www.art-grawer.pl\/\" ><img decoding=\"async\" src=\"https:\/\/s0.wp.com\/mshots\/v1\/http%3A%2F%2Fwww.art-grawer.pl%2F?w=600&#038;h=450\" alt=\"art-grawer.pl\" width=\"600\" height=\"450\" class=\"\" \/><\/a><\/div><p class=\"wp-caption-text\">art-grawer.pl<\/p><\/div>\n<\/div>\n\t\t\t\t\t\t<\/div>\n\t\t\t\t<\/div>\n\t\t\t\t<div class=\"elementor-element elementor-element-2cc6d2d elementor-widget elementor-widget-shortcode\" data-id=\"2cc6d2d\" data-element_type=\"widget\" data-e-type=\"widget\" data-widget_type=\"shortcode.default\">\n\t\t\t\t<div class=\"elementor-widget-container\">\n\t\t\t\t\t\t\t<div class=\"elementor-shortcode\"><div class=\"wp-caption alignnone\" style=\"width:610px;\"><div class=\"browser-shot \"><a href=\"http:\/\/www.grota205.pl\/\" ><img loading=\"lazy\" decoding=\"async\" src=\"https:\/\/s0.wp.com\/mshots\/v1\/http%3A%2F%2Fwww.grota205.pl%2F?w=600&#038;h=450\" alt=\"grota205.pl\" width=\"600\" height=\"450\" class=\"\" \/><\/a><\/div><p class=\"wp-caption-text\">grota205.pl<\/p><\/div>\n<\/div>\n\t\t\t\t\t\t<\/div>\n\t\t\t\t<\/div>\n\t\t\t\t<div class=\"elementor-element elementor-element-894afb8 elementor-widget elementor-widget-shortcode\" data-id=\"894afb8\" data-element_type=\"widget\" data-e-type=\"widget\" data-widget_type=\"shortcode.default\">\n\t\t\t\t<div class=\"elementor-widget-container\">\n\t\t\t\t\t\t\t<div class=\"elementor-shortcode\"><div class=\"wp-caption alignnone\" style=\"width:610px;\"><div class=\"browser-shot \"><a href=\"http:\/\/nikolanowak.24x7.pl\/\" ><img loading=\"lazy\" decoding=\"async\" src=\"https:\/\/s0.wp.com\/mshots\/v1\/http%3A%2F%2Fnikolanowak.24x7.pl%2F?w=600&#038;h=450\" alt=\"nikolanowak.24x7.pl\" width=\"600\" height=\"450\" class=\"\" \/><\/a><\/div><p class=\"wp-caption-text\">nikolanowak.24x7.pl<\/p><\/div>\n<\/div>\n\t\t\t\t\t\t<\/div>\n\t\t\t\t<\/div>\n\t\t\t\t<div class=\"elementor-element elementor-element-2658eaf elementor-widget elementor-widget-shortcode\" data-id=\"2658eaf\" data-element_type=\"widget\" data-e-type=\"widget\" data-widget_type=\"shortcode.default\">\n\t\t\t\t<div class=\"elementor-widget-container\">\n\t\t\t\t\t\t\t<div class=\"elementor-shortcode\"><div class=\"wp-caption alignnone\" style=\"width:610px;\"><div class=\"browser-shot \"><a href=\"https:\/\/ultranet.com.pl\/\" ><img loading=\"lazy\" decoding=\"async\" src=\"https:\/\/s0.wp.com\/mshots\/v1\/https%3A%2F%2Fultranet.com.pl%2F?w=600&#038;h=450\" alt=\"ultranet.com.pl\" width=\"600\" height=\"450\" class=\"\" \/><\/a><\/div><p class=\"wp-caption-text\">ultranet.com.pl<\/p><\/div>\n<\/div>\n\t\t\t\t\t\t<\/div>\n\t\t\t\t<\/div>\n\t\t\t\t<div class=\"elementor-element elementor-element-1f32505 elementor-widget elementor-widget-shortcode\" data-id=\"1f32505\" data-element_type=\"widget\" data-e-type=\"widget\" data-widget_type=\"shortcode.default\">\n\t\t\t\t<div class=\"elementor-widget-container\">\n\t\t\t\t\t\t\t<div class=\"elementor-shortcode\"><div class=\"wp-caption alignnone\" style=\"width:610px;\"><div class=\"browser-shot \"><a href=\"http:\/\/otynska4.pl\/\" ><img loading=\"lazy\" decoding=\"async\" src=\"https:\/\/s0.wp.com\/mshots\/v1\/http%3A%2F%2Fotynska4.pl%2F?w=600&#038;h=450\" alt=\"otynska4.pl\" width=\"600\" height=\"450\" class=\"\" \/><\/a><\/div><p class=\"wp-caption-text\">otynska4.pl<\/p><\/div>\n<\/div>\n\t\t\t\t\t\t<\/div>\n\t\t\t\t<\/div>\n\t\t\t\t<div class=\"elementor-element elementor-element-d405fce elementor-widget elementor-widget-shortcode\" data-id=\"d405fce\" data-element_type=\"widget\" data-e-type=\"widget\" data-widget_type=\"shortcode.default\">\n\t\t\t\t<div class=\"elementor-widget-container\">\n\t\t\t\t\t\t\t<div class=\"elementor-shortcode\"><div class=\"wp-caption alignnone\" style=\"width:610px;\"><div class=\"browser-shot \"><a href=\"http:\/\/wojnarowski.edu.pl\/\" ><img loading=\"lazy\" decoding=\"async\" src=\"https:\/\/s0.wp.com\/mshots\/v1\/http%3A%2F%2Fwojnarowski.edu.pl%2F?w=600&#038;h=450\" alt=\"wojnarowski.edu.pl\" width=\"600\" height=\"450\" class=\"\" \/><\/a><\/div><p class=\"wp-caption-text\">wojnarowski.edu.pl<\/p><\/div>\n<\/div>\n\t\t\t\t\t\t<\/div>\n\t\t\t\t<\/div>\n\t\t\t\t\t<\/div>\n\t\t<\/div>\n\t\t\t\t\t<\/div>\n\t\t<\/section>\n\t\t\t\t<\/div>\n\t\t","protected":false},"excerpt":{"rendered":"<p>Strony, kt\u00f3re stworzy\u0142em, b\u0105d\u017a wsp\u00f3\u0142tworzy\u0142em<\/p>\n","protected":false},"author":1,"featured_media":0,"parent":0,"menu_order":0,"comment_status":"closed","ping_status":"closed","template":"","meta":{"footnotes":""},"class_list":["post-42","page","type-page","status-publish","hentry"],"_links":{"self":[{"href":"https:\/\/tymek.24x7.pl\/index.php\/wp-json\/wp\/v2\/pages\/42","targetHints":{"allow":["GET"]}}],"collection":[{"href":"https:\/\/tymek.24x7.pl\/index.php\/wp-json\/wp\/v2\/pages"}],"about":[{"href":"https:\/\/tymek.24x7.pl\/index.php\/wp-json\/wp\/v2\/types\/page"}],"author":[{"embeddable":true,"href":"https:\/\/tymek.24x7.pl\/index.php\/wp-json\/wp\/v2\/users\/1"}],"replies":[{"embeddable":true,"href":"https:\/\/tymek.24x7.pl\/index.php\/wp-json\/wp\/v2\/comments?post=42"}],"version-history":[{"count":7,"href":"https:\/\/tymek.24x7.pl\/index.php\/wp-json\/wp\/v2\/pages\/42\/revisions"}],"predecessor-version":[{"id":82,"href":"https:\/\/tymek.24x7.pl\/index.php\/wp-json\/wp\/v2\/pages\/42\/revisions\/82"}],"wp:attachment":[{"href":"https:\/\/tymek.24x7.pl\/index.php\/wp-json\/wp\/v2\/media?parent=42"}],"curies":[{"name":"wp","href":"https:\/\/api.w.org\/{rel}","templated":true}]}}