{"id":44,"date":"2022-04-08T21:56:16","date_gmt":"2022-04-08T19:56:16","guid":{"rendered":"http:\/\/tymek.24x7.pl\/?page_id=44"},"modified":"2022-06-01T20:24:12","modified_gmt":"2022-06-01T18:24:12","slug":"youtube","status":"publish","type":"page","link":"https:\/\/tymek.24x7.pl\/index.php\/youtube\/","title":{"rendered":"Youtube"},"content":{"rendered":"\t\t<div data-elementor-type=\"wp-page\" data-elementor-id=\"44\" class=\"elementor elementor-44\">\n\t\t\t\t\t\t<section class=\"elementor-section elementor-top-section elementor-element elementor-element-ad73376 elementor-section-boxed elementor-section-height-default elementor-section-height-default\" data-id=\"ad73376\" data-element_type=\"section\" data-e-type=\"section\">\n\t\t\t\t\t\t<div class=\"elementor-container elementor-column-gap-default\">\n\t\t\t\t\t<div class=\"elementor-column elementor-col-100 elementor-top-column elementor-element elementor-element-d8438b3\" data-id=\"d8438b3\" data-element_type=\"column\" data-e-type=\"column\">\n\t\t\t<div class=\"elementor-widget-wrap elementor-element-populated\">\n\t\t\t\t\t\t<div class=\"elementor-element elementor-element-dbe76be elementor-widget elementor-widget-shortcode\" data-id=\"dbe76be\" data-element_type=\"widget\" data-e-type=\"widget\" data-widget_type=\"shortcode.default\">\n\t\t\t\t<div class=\"elementor-widget-container\">\n\t\t\t\t\t\t\t<div class=\"elementor-shortcode\"><div class=\"wp-caption alignnone\" style=\"width:610px;\"><div class=\"browser-shot \"><a href=\"https:\/\/www.youtube.com\/user\/Tymonello\/videos?view=0&#038;sort=p&#038;flow=grid\" ><img fetchpriority=\"high\" decoding=\"async\" src=\"https:\/\/s0.wp.com\/mshots\/v1\/https%3A%2F%2Fwww.youtube.com%2Fuser%2FTymonello%2Fvideos%3Fview%3D0%26%23038%3Bsort%3Dp%26%23038%3Bflow%3Dgrid?w=600&#038;h=450\" alt=\"Tymonello\" width=\"600\" height=\"450\" class=\"\" \/><\/a><\/div><p class=\"wp-caption-text\">Tymonello<\/p><\/div>\n<\/div>\n\t\t\t\t\t\t<\/div>\n\t\t\t\t<\/div>\n\t\t\t\t<div class=\"elementor-element elementor-element-c2816b4 elementor-widget elementor-widget-text-editor\" data-id=\"c2816b4\" data-element_type=\"widget\" data-e-type=\"widget\" data-widget_type=\"text-editor.default\">\n\t\t\t\t<div class=\"elementor-widget-container\">\n\t\t\t\t\t\t\t\t\t<p>Tutaj wrzucam takie lu\u017ane, byle jakie filmiki tak o sobie.<\/p>\t\t\t\t\t\t\t\t<\/div>\n\t\t\t\t<\/div>\n\t\t\t\t\t<\/div>\n\t\t<\/div>\n\t\t\t\t\t<\/div>\n\t\t<\/section>\n\t\t\t\t<section class=\"elementor-section elementor-top-section elementor-element elementor-element-40d0211 elementor-section-boxed elementor-section-height-default elementor-section-height-default\" data-id=\"40d0211\" data-element_type=\"section\" data-e-type=\"section\">\n\t\t\t\t\t\t<div class=\"elementor-container elementor-column-gap-default\">\n\t\t\t\t\t<div class=\"elementor-column elementor-col-100 elementor-top-column elementor-element elementor-element-4dc0760\" data-id=\"4dc0760\" data-element_type=\"column\" data-e-type=\"column\">\n\t\t\t<div class=\"elementor-widget-wrap elementor-element-populated\">\n\t\t\t\t\t\t<div class=\"elementor-element elementor-element-2b0f624 elementor-widget elementor-widget-shortcode\" data-id=\"2b0f624\" data-element_type=\"widget\" data-e-type=\"widget\" data-widget_type=\"shortcode.default\">\n\t\t\t\t<div class=\"elementor-widget-container\">\n\t\t\t\t\t\t\t<div class=\"elementor-shortcode\"><div class=\"wp-caption alignnone\" style=\"width:610px;\"><div class=\"browser-shot \"><a href=\"https:\/\/www.youtube.com\/channel\/UCcFq7d8TNMOIh7XBRdLUYOw\/featured\" ><img decoding=\"async\" src=\"https:\/\/s0.wp.com\/mshots\/v1\/https%3A%2F%2Fwww.youtube.com%2Fchannel%2FUCcFq7d8TNMOIh7XBRdLUYOw%2Ffeatured?w=600&#038;h=450\" alt=\"Filmu\u015b\" width=\"600\" height=\"450\" class=\"\" \/><\/a><\/div><p class=\"wp-caption-text\">Filmu\u015b<\/p><\/div>\n<\/div>\n\t\t\t\t\t\t<\/div>\n\t\t\t\t<\/div>\n\t\t\t\t<div class=\"elementor-element elementor-element-9cf717f elementor-widget elementor-widget-text-editor\" data-id=\"9cf717f\" data-element_type=\"widget\" data-e-type=\"widget\" data-widget_type=\"text-editor.default\">\n\t\t\t\t<div class=\"elementor-widget-container\">\n\t\t\t\t\t\t\t\t\t<p>Filmu\u015b to m\u00f3j vlog o filmach, nad kt\u00f3rym intensywnie pracowa\u0142em, aczkolwiek studia wymaga\u0142y ode mnie wi\u0119cej czasu i musia\u0142em przesta\u0107. Teraz ca\u0142y czas czekam, a\u017c znajd\u0119 czas i wr\u00f3c\u0119 do tego.<\/p>\t\t\t\t\t\t\t\t<\/div>\n\t\t\t\t<\/div>\n\t\t\t\t\t<\/div>\n\t\t<\/div>\n\t\t\t\t\t<\/div>\n\t\t<\/section>\n\t\t\t\t<section class=\"elementor-section elementor-top-section elementor-element elementor-element-9625182 elementor-section-boxed elementor-section-height-default elementor-section-height-default\" data-id=\"9625182\" data-element_type=\"section\" data-e-type=\"section\">\n\t\t\t\t\t\t<div class=\"elementor-container elementor-column-gap-default\">\n\t\t\t\t\t<div class=\"elementor-column elementor-col-100 elementor-top-column elementor-element elementor-element-664477d\" data-id=\"664477d\" data-element_type=\"column\" data-e-type=\"column\">\n\t\t\t<div class=\"elementor-widget-wrap elementor-element-populated\">\n\t\t\t\t\t\t<div class=\"elementor-element elementor-element-5cab4b5 elementor-widget elementor-widget-shortcode\" data-id=\"5cab4b5\" data-element_type=\"widget\" data-e-type=\"widget\" data-widget_type=\"shortcode.default\">\n\t\t\t\t<div class=\"elementor-widget-container\">\n\t\t\t\t\t\t\t<div class=\"elementor-shortcode\"><div class=\"wp-caption alignnone\" style=\"width:610px;\"><div class=\"browser-shot \"><a href=\"https:\/\/www.youtube.com\/channel\/UCMskqwXZmwxxHcTkHd1wggA\/videos?view=0&#038;sort=p&#038;flow=grid\" ><img decoding=\"async\" src=\"https:\/\/s0.wp.com\/mshots\/v1\/https%3A%2F%2Fwww.youtube.com%2Fchannel%2FUCMskqwXZmwxxHcTkHd1wggA%2Fvideos%3Fview%3D0%26%23038%3Bsort%3Dp%26%23038%3Bflow%3Dgrid?w=600&#038;h=450\" alt=\"Filmu\u015b Movies\" width=\"600\" height=\"450\" class=\"\" \/><\/a><\/div><p class=\"wp-caption-text\">Filmu\u015b Movies<\/p><\/div>\n<\/div>\n\t\t\t\t\t\t<\/div>\n\t\t\t\t<\/div>\n\t\t\t\t<div class=\"elementor-element elementor-element-ca3551e elementor-widget elementor-widget-text-editor\" data-id=\"ca3551e\" data-element_type=\"widget\" data-e-type=\"widget\" data-widget_type=\"text-editor.default\">\n\t\t\t\t<div class=\"elementor-widget-container\">\n\t\t\t\t\t\t\t\t\t<p>Filmu\u015b Movies to przemianowany kana\u0142, \u017ceby pasowa\u0142 nazw\u0105 do tego z vlogami, s\u0105 tam og\u00f3lnie moje &#8222;fabularne&#8221; filmy, zabawy z animacjami, monta\u017ce fanowskich trailer\u00f3w, machinimy z GTA V i tego typu sprawy.<\/p>\t\t\t\t\t\t\t\t<\/div>\n\t\t\t\t<\/div>\n\t\t\t\t\t<\/div>\n\t\t<\/div>\n\t\t\t\t\t<\/div>\n\t\t<\/section>\n\t\t\t\t<section class=\"elementor-section elementor-top-section elementor-element elementor-element-814105a elementor-section-boxed elementor-section-height-default elementor-section-height-default\" data-id=\"814105a\" data-element_type=\"section\" data-e-type=\"section\">\n\t\t\t\t\t\t<div class=\"elementor-container elementor-column-gap-default\">\n\t\t\t\t\t<div class=\"elementor-column elementor-col-100 elementor-top-column elementor-element elementor-element-c3f7c5b\" data-id=\"c3f7c5b\" data-element_type=\"column\" data-e-type=\"column\">\n\t\t\t<div class=\"elementor-widget-wrap elementor-element-populated\">\n\t\t\t\t\t\t<div class=\"elementor-element elementor-element-53fb362 elementor-widget elementor-widget-shortcode\" data-id=\"53fb362\" data-element_type=\"widget\" data-e-type=\"widget\" data-widget_type=\"shortcode.default\">\n\t\t\t\t<div class=\"elementor-widget-container\">\n\t\t\t\t\t\t\t<div class=\"elementor-shortcode\"><div class=\"wp-caption alignnone\" style=\"width:610px;\"><div class=\"browser-shot \"><a href=\"https:\/\/www.youtube.com\/channel\/UCElcyhmzR7wMhqOhYwOmfow\/videos\" ><img loading=\"lazy\" decoding=\"async\" src=\"https:\/\/s0.wp.com\/mshots\/v1\/https%3A%2F%2Fwww.youtube.com%2Fchannel%2FUCElcyhmzR7wMhqOhYwOmfow%2Fvideos?w=600&#038;h=450\" alt=\"Timothy Kentzinger\" width=\"600\" height=\"450\" class=\"\" \/><\/a><\/div><p class=\"wp-caption-text\">Timothy Kentzinger<\/p><\/div>\n<\/div>\n\t\t\t\t\t\t<\/div>\n\t\t\t\t<\/div>\n\t\t\t\t<div class=\"elementor-element elementor-element-705781c elementor-widget elementor-widget-text-editor\" data-id=\"705781c\" data-element_type=\"widget\" data-e-type=\"widget\" data-widget_type=\"text-editor.default\">\n\t\t\t\t<div class=\"elementor-widget-container\">\n\t\t\t\t\t\t\t\t\t<p>Tutaj wrzuci\u0142em dwa razy jak rz\u0119pol\u0119 na gitarze.<\/p>\t\t\t\t\t\t\t\t<\/div>\n\t\t\t\t<\/div>\n\t\t\t\t\t<\/div>\n\t\t<\/div>\n\t\t\t\t\t<\/div>\n\t\t<\/section>\n\t\t\t\t<\/div>\n\t\t","protected":false},"excerpt":{"rendered":"<p>Tutaj wrzucam takie lu\u017ane, byle jakie filmiki tak o sobie. Filmu\u015b to m\u00f3j vlog o filmach, nad kt\u00f3rym intensywnie pracowa\u0142em, aczkolwiek studia wymaga\u0142y ode mnie wi\u0119cej czasu i musia\u0142em przesta\u0107. Teraz ca\u0142y czas czekam, a\u017c znajd\u0119 czas i wr\u00f3c\u0119 do tego. Filmu\u015b Movies to przemianowany kana\u0142, \u017ceby pasowa\u0142 nazw\u0105 do tego z vlogami, s\u0105 tam&#8230;<\/p>\n","protected":false},"author":1,"featured_media":0,"parent":0,"menu_order":0,"comment_status":"closed","ping_status":"closed","template":"","meta":{"footnotes":""},"class_list":["post-44","page","type-page","status-publish","hentry"],"_links":{"self":[{"href":"https:\/\/tymek.24x7.pl\/index.php\/wp-json\/wp\/v2\/pages\/44","targetHints":{"allow":["GET"]}}],"collection":[{"href":"https:\/\/tymek.24x7.pl\/index.php\/wp-json\/wp\/v2\/pages"}],"about":[{"href":"https:\/\/tymek.24x7.pl\/index.php\/wp-json\/wp\/v2\/types\/page"}],"author":[{"embeddable":true,"href":"https:\/\/tymek.24x7.pl\/index.php\/wp-json\/wp\/v2\/users\/1"}],"replies":[{"embeddable":true,"href":"https:\/\/tymek.24x7.pl\/index.php\/wp-json\/wp\/v2\/comments?post=44"}],"version-history":[{"count":7,"href":"https:\/\/tymek.24x7.pl\/index.php\/wp-json\/wp\/v2\/pages\/44\/revisions"}],"predecessor-version":[{"id":92,"href":"https:\/\/tymek.24x7.pl\/index.php\/wp-json\/wp\/v2\/pages\/44\/revisions\/92"}],"wp:attachment":[{"href":"https:\/\/tymek.24x7.pl\/index.php\/wp-json\/wp\/v2\/media?parent=44"}],"curies":[{"name":"wp","href":"https:\/\/api.w.org\/{rel}","templated":true}]}}